{"id":9617,"date":"2023-11-03T14:38:19","date_gmt":"2023-11-03T13:38:19","guid":{"rendered":"https:\/\/bois-haienergie.com\/?page_id=9617"},"modified":"2025-11-29T22:46:28","modified_gmt":"2025-11-29T21:46:28","slug":"mentions-legales","status":"publish","type":"page","link":"https:\/\/bois-haienergie.com\/index.php\/mentions-legales\/","title":{"rendered":"Mentions l\u00e9gales"},"content":{"rendered":"\n<h2 class=\"wp-block-heading\">Mentions l\u00e9gales<\/h2>\n\n\n\n<p class=\"has-black-color has-text-color has-link-color wp-elements-6485df2bbc2b0999cd482f593f9f18b7\">Le site www.bois-haienergie.com est la propri\u00e9t\u00e9 exclusive de BOIS HAIENERGIE 14, qui l\u2019\u00e9dite.<\/p>\n\n\n\n<p class=\"has-black-color has-text-color has-link-color wp-elements-01ff7bfd27f04cccaf0f9230f19ae464\">Informations administratives<\/p>\n\n\n\n<p class=\"has-black-color has-text-color has-link-color wp-elements-4371c92c1a0b87e85206e96b0b1428d6\">Activit\u00e9 : Commerces de d\u00e9tail de charbons et combustibles<\/p>\n\n\n\n<p class=\"has-black-color has-text-color has-link-color wp-elements-b74f1afa522eb6d46eeb0578b2ba4faa\">Num\u00e9ro SIREN: 799303060<br>SIRET: 79930306000021<br>Num\u00e9ro TVA : 79930306000021<\/p>\n\n\n\n<p class=\"has-black-color has-text-color has-link-color wp-elements-8f8a56919eb11d628b3093fc87dbacd4\">Adresse : All\u00e9e de l&rsquo;Atrium, 14930 Maltot, France<\/p>\n\n\n\n<p class=\"has-black-color has-text-color has-link-color wp-elements-19456be6b574f009fffface481ebe433\">E-mail : info@bois-haienergie.com<br>Site web : https:\/\/bois-haienergie.com\/<\/p>\n\n\n\n<p class=\"has-black-color has-text-color has-link-color wp-elements-f76f50be31da10fa0bb085179323fb7b\">Conform\u00e9ment aux dispositions des articles 6-III et 19 de la Loi n\u00b0 2004-575 du 21 juin 2004 pour la Confiance dans l\u2019\u00e9conomie num\u00e9rique, dite L.C.E.N., nous portons \u00e0 la connaissance des utilisateurs et visiteurs du site<\/p>\n\n\n\n<p class=\"has-black-color has-text-color has-link-color wp-elements-8f4d31b319dfd074e2da5d7ebc1afdf9\">Contenu \u00e9ditorial produit par la soci\u00e9t\u00e9 BOIS HAIENERGIE 14.<\/p>\n","protected":false},"excerpt":{"rendered":"<p>Mentions l\u00e9gales Le site www.bois-haienergie.com est la propri\u00e9t\u00e9 exclusive de BOIS HAIENERGIE 14, qui l\u2019\u00e9dite. Informations administratives Activit\u00e9 : Commerces<\/p>\n","protected":false},"author":1,"featured_media":0,"parent":0,"menu_order":0,"comment_status":"closed","ping_status":"closed","template":"","meta":{"footnotes":""},"class_list":["post-9617","page","type-page","status-publish","hentry"],"_links":{"self":[{"href":"https:\/\/bois-haienergie.com\/index.php\/wp-json\/wp\/v2\/pages\/9617","targetHints":{"allow":["GET"]}}],"collection":[{"href":"https:\/\/bois-haienergie.com\/index.php\/wp-json\/wp\/v2\/pages"}],"about":[{"href":"https:\/\/bois-haienergie.com\/index.php\/wp-json\/wp\/v2\/types\/page"}],"author":[{"embeddable":true,"href":"https:\/\/bois-haienergie.com\/index.php\/wp-json\/wp\/v2\/users\/1"}],"replies":[{"embeddable":true,"href":"https:\/\/bois-haienergie.com\/index.php\/wp-json\/wp\/v2\/comments?post=9617"}],"version-history":[{"count":9,"href":"https:\/\/bois-haienergie.com\/index.php\/wp-json\/wp\/v2\/pages\/9617\/revisions"}],"predecessor-version":[{"id":13877,"href":"https:\/\/bois-haienergie.com\/index.php\/wp-json\/wp\/v2\/pages\/9617\/revisions\/13877"}],"wp:attachment":[{"href":"https:\/\/bois-haienergie.com\/index.php\/wp-json\/wp\/v2\/media?parent=9617"}],"curies":[{"name":"wp","href":"https:\/\/api.w.org\/{rel}","templated":true}]}}