{"id":9619,"date":"2023-11-03T14:39:11","date_gmt":"2023-11-03T13:39:11","guid":{"rendered":"https:\/\/bois-haienergie.com\/?page_id=9619"},"modified":"2025-11-29T22:45:14","modified_gmt":"2025-11-29T21:45:14","slug":"politique-de-retour","status":"publish","type":"page","link":"https:\/\/bois-haienergie.com\/index.php\/politique-de-retour\/","title":{"rendered":"Politique de retours et de remboursement"},"content":{"rendered":"\n<h2 class=\"wp-block-heading\">Politique de retours et de remboursement <\/h2>\n\n\n\n<p class=\"has-black-color has-text-color has-link-color wp-elements-5318d45614175da71b0c59f69e7722a2\">Satisfait ou rembours\u00e9 : modalit\u00e9s d\u2019exercice du droit de r\u00e9tractation :<\/p>\n\n\n\n<p class=\"has-black-color has-text-color has-link-color wp-elements-53012fd4fc8ea151d46d2da32ff0a308\">Si un produit ou article re\u00e7u ne vous donne pas enti\u00e8re satisfaction, vous pouvez bien nous le retourner .<\/p>\n\n\n\n<p class=\"has-black-color has-text-color has-link-color wp-elements-f4be63dc011c2e9857732b73b40d6f3e\">Conform\u00e9ment aux dispositions l\u00e9gales, dans les 14 jours qui suivent la r\u00e9ception de votre produit, vous pouvez exercer votre droit de r\u00e9tractation. Vous n\u2019avez pas \u00e0 justifier de motifs ni \u00e0 payer de p\u00e9nalit\u00e9. A l\u2019exception des frais de retour, qui restent \u00e0 votre charge, nous vous rembourserons la totalit\u00e9 des sommes vers\u00e9s au plus tard dans les 7 jours qui suivent votre r\u00e9tractation au m\u00eame mode de paiement .<\/p>\n\n\n\n<p class=\"has-black-color has-text-color has-link-color wp-elements-71b32c33da0c1f27af8012bdd9d938b7\">Conform\u00e9ment aux dispositions l\u00e9gales, le droit de r\u00e9tractation ne peut \u00eatre exerc\u00e9 pour des produits confectionn\u00e9s sur commande, selon les sp\u00e9cifications particuli\u00e8res du consommateur ou sur des enregistrements audio, vid\u00e9o ou de logiciels informatiques descell\u00e9s par le client .<\/p>\n\n\n\n<p class=\"has-black-color has-text-color has-link-color wp-elements-be32f0091c6fc37a4bdfc5afb5f41608\">Le mat\u00e9riel doit \u00eatre \u00e0 l\u2019\u00e9tat neuf pour la demande de remboursement.<\/p>\n\n\n\n<p class=\"has-black-color has-text-color has-link-color wp-elements-c648a8b1accd7f39f47e2eed42281460\">Pour la demande de remboursement, le client prendra contact avec nous \u00e0 l\u2019adresse ci dessous :<\/p>\n\n\n\n<p class=\"has-black-color has-text-color has-link-color wp-elements-27de3740b2e9f4d5386c0fa36cfe058f\">Adresse de retour : All\u00e9e de l&rsquo;Atrium, 14930 Maltot, France<\/p>\n\n\n\n<p class=\"has-black-color has-text-color has-link-color wp-elements-99c92e806efe5cb6506f68aba4ec7ec0\">E-mail : info@bois-haienergie.com<\/p>\n","protected":false},"excerpt":{"rendered":"<p>Politique de retours et de remboursement Satisfait ou rembours\u00e9 : modalit\u00e9s d\u2019exercice du droit de r\u00e9tractation : Si un produit<\/p>\n","protected":false},"author":1,"featured_media":0,"parent":0,"menu_order":0,"comment_status":"closed","ping_status":"closed","template":"","meta":{"footnotes":""},"class_list":["post-9619","page","type-page","status-publish","hentry"],"_links":{"self":[{"href":"https:\/\/bois-haienergie.com\/index.php\/wp-json\/wp\/v2\/pages\/9619","targetHints":{"allow":["GET"]}}],"collection":[{"href":"https:\/\/bois-haienergie.com\/index.php\/wp-json\/wp\/v2\/pages"}],"about":[{"href":"https:\/\/bois-haienergie.com\/index.php\/wp-json\/wp\/v2\/types\/page"}],"author":[{"embeddable":true,"href":"https:\/\/bois-haienergie.com\/index.php\/wp-json\/wp\/v2\/users\/1"}],"replies":[{"embeddable":true,"href":"https:\/\/bois-haienergie.com\/index.php\/wp-json\/wp\/v2\/comments?post=9619"}],"version-history":[{"count":9,"href":"https:\/\/bois-haienergie.com\/index.php\/wp-json\/wp\/v2\/pages\/9619\/revisions"}],"predecessor-version":[{"id":13876,"href":"https:\/\/bois-haienergie.com\/index.php\/wp-json\/wp\/v2\/pages\/9619\/revisions\/13876"}],"wp:attachment":[{"href":"https:\/\/bois-haienergie.com\/index.php\/wp-json\/wp\/v2\/media?parent=9619"}],"curies":[{"name":"wp","href":"https:\/\/api.w.org\/{rel}","templated":true}]}}