{"id":12039,"date":"2024-08-21T20:33:58","date_gmt":"2024-08-21T18:33:58","guid":{"rendered":"https:\/\/bois-haienergie.com\/?post_type=product&#038;p=12039"},"modified":"2024-08-22T02:14:34","modified_gmt":"2024-08-22T00:14:34","slug":"isetta-evo-4-0-7-3-kw-poele-a-bois-la-nordica-extraflame","status":"publish","type":"product","link":"https:\/\/bois-haienergie.com\/index.php\/produit\/isetta-evo-4-0-7-3-kw-poele-a-bois-la-nordica-extraflame\/","title":{"rendered":"Isetta Evo 4.0 &#8211; 7.3 kw &#8211; Po\u00eale \u00e0 bois LA NORDICA EXTRAFLAME"},"content":{"rendered":"<h2>PO\u00caLE \u00c0 BOIS MOD\u00c8LE\u00a0ISETTA EVO 4.0 DE MARQUE\u00a0LA NORDICA EXTRAFLAME<\/h2>\n<p>Po\u00eale \u00e0 bois\u00a0en fonte en fonte avec plaques pouvant chauffer jusqu&rsquo;\u00e0\u00a0209 m\u00b3.<\/p>\n<ul>\n<li>Po\u00eale enti\u00e8rement en fonte \u00e9maill\u00e9e<\/li>\n<li>Porte de chargement frontal et lat\u00e9ral<\/li>\n<li>Fonte avec haut rendement thermique<\/li>\n<li>Foyer en fonte avec post-combustion<\/li>\n<li>Vitre c\u00e9ramique r\u00e9sistante \u00e0 750\u00b0<\/li>\n<\/ul>\n","protected":false},"excerpt":{"rendered":"<p>PO\u00caLE \u00c0 BOIS MOD\u00c8LE\u00a0ISETTA EVO 4.0 DE MARQUE\u00a0LA NORDICA EXTRAFLAME Po\u00eale \u00e0 bois\u00a0en fonte en fonte avec plaques pouvant chauffer<\/p>\n","protected":false},"featured_media":12624,"comment_status":"open","ping_status":"closed","template":"","meta":[],"product_brand":[],"product_cat":[499,500],"product_tag":[],"class_list":{"0":"post-12039","1":"product","2":"type-product","3":"status-publish","4":"has-post-thumbnail","6":"product_cat-chauffage","7":"product_cat-poele-a-bois","9":"first","10":"instock","11":"sale","12":"taxable","13":"shipping-taxable","14":"purchasable","15":"product-type-simple"},"_links":{"self":[{"href":"https:\/\/bois-haienergie.com\/index.php\/wp-json\/wp\/v2\/product\/12039","targetHints":{"allow":["GET"]}}],"collection":[{"href":"https:\/\/bois-haienergie.com\/index.php\/wp-json\/wp\/v2\/product"}],"about":[{"href":"https:\/\/bois-haienergie.com\/index.php\/wp-json\/wp\/v2\/types\/product"}],"replies":[{"embeddable":true,"href":"https:\/\/bois-haienergie.com\/index.php\/wp-json\/wp\/v2\/comments?post=12039"}],"version-history":[{"count":1,"href":"https:\/\/bois-haienergie.com\/index.php\/wp-json\/wp\/v2\/product\/12039\/revisions"}],"predecessor-version":[{"id":12626,"href":"https:\/\/bois-haienergie.com\/index.php\/wp-json\/wp\/v2\/product\/12039\/revisions\/12626"}],"wp:featuredmedia":[{"embeddable":true,"href":"https:\/\/bois-haienergie.com\/index.php\/wp-json\/wp\/v2\/media\/12624"}],"wp:attachment":[{"href":"https:\/\/bois-haienergie.com\/index.php\/wp-json\/wp\/v2\/media?parent=12039"}],"wp:term":[{"taxonomy":"product_brand","embeddable":true,"href":"https:\/\/bois-haienergie.com\/index.php\/wp-json\/wp\/v2\/product_brand?post=12039"},{"taxonomy":"product_cat","embeddable":true,"href":"https:\/\/bois-haienergie.com\/index.php\/wp-json\/wp\/v2\/product_cat?post=12039"},{"taxonomy":"product_tag","embeddable":true,"href":"https:\/\/bois-haienergie.com\/index.php\/wp-json\/wp\/v2\/product_tag?post=12039"}],"curies":[{"name":"wp","href":"https:\/\/api.w.org\/{rel}","templated":true}]}}