{"id":13443,"date":"2024-08-22T13:56:24","date_gmt":"2024-08-22T11:56:24","guid":{"rendered":"https:\/\/bois-haienergie.com\/?post_type=product&#038;p=13443"},"modified":"2024-08-22T13:56:27","modified_gmt":"2024-08-22T11:56:27","slug":"palette-de-1-stere-50-cm-de-bois-melange-de-bois-durs-le-hetre-le-chene-le-charme","status":"publish","type":"product","link":"https:\/\/bois-haienergie.com\/index.php\/produit\/palette-de-1-stere-50-cm-de-bois-melange-de-bois-durs-le-hetre-le-chene-le-charme\/","title":{"rendered":"Palette de 1 st\u00e8re 50 cm de bois &#8211; m\u00e9lange de bois durs ( le h\u00eatre, le ch\u00eane, le charme )"},"content":{"rendered":"<p>Nos b\u00fbches de bois de chauffage vous garantissent une performance \u00e9nerg\u00e9tique optimale. Elles ont l\u2019avantage d\u2019\u00eatre pratiques \u00e0 manipuler et faciles \u00e0 stocker avec leur conditionnement en palette.<br \/>\nProfitez de vos b\u00fbches de bois coup\u00e9es en\u00a0 50cm<br \/>\nLe m\u00e9lange est uniquement constitu\u00e9 de h\u00eatre, charme, ch\u00eane, les essences les plus calorifiques pour le bois de chauffage.<\/p>\n","protected":false},"excerpt":{"rendered":"<p>Palette de 1 st\u00e8re de bois de chauffage rang\u00e9e.<\/p>\n<p>Bois garanti sec, avec une humidit\u00e9 inf\u00e9rieure \u00e0 20%.<\/p>\n<p>La palette est compos\u00e9e de bois durs, parmi les essences les plus calorifiques: le h\u00eatre, le ch\u00eane et le charme.<\/p>\n<p>&nbsp;<\/p>\n","protected":false},"featured_media":13475,"comment_status":"open","ping_status":"closed","template":"","meta":[],"product_brand":[],"product_cat":[515],"product_tag":[],"class_list":{"0":"post-13443","1":"product","2":"type-product","3":"status-publish","4":"has-post-thumbnail","6":"product_cat-bois-de-chauffage","8":"first","9":"instock","10":"taxable","11":"shipping-taxable","12":"purchasable","13":"product-type-simple"},"_links":{"self":[{"href":"https:\/\/bois-haienergie.com\/index.php\/wp-json\/wp\/v2\/product\/13443","targetHints":{"allow":["GET"]}}],"collection":[{"href":"https:\/\/bois-haienergie.com\/index.php\/wp-json\/wp\/v2\/product"}],"about":[{"href":"https:\/\/bois-haienergie.com\/index.php\/wp-json\/wp\/v2\/types\/product"}],"replies":[{"embeddable":true,"href":"https:\/\/bois-haienergie.com\/index.php\/wp-json\/wp\/v2\/comments?post=13443"}],"version-history":[{"count":1,"href":"https:\/\/bois-haienergie.com\/index.php\/wp-json\/wp\/v2\/product\/13443\/revisions"}],"predecessor-version":[{"id":13476,"href":"https:\/\/bois-haienergie.com\/index.php\/wp-json\/wp\/v2\/product\/13443\/revisions\/13476"}],"wp:featuredmedia":[{"embeddable":true,"href":"https:\/\/bois-haienergie.com\/index.php\/wp-json\/wp\/v2\/media\/13475"}],"wp:attachment":[{"href":"https:\/\/bois-haienergie.com\/index.php\/wp-json\/wp\/v2\/media?parent=13443"}],"wp:term":[{"taxonomy":"product_brand","embeddable":true,"href":"https:\/\/bois-haienergie.com\/index.php\/wp-json\/wp\/v2\/product_brand?post=13443"},{"taxonomy":"product_cat","embeddable":true,"href":"https:\/\/bois-haienergie.com\/index.php\/wp-json\/wp\/v2\/product_cat?post=13443"},{"taxonomy":"product_tag","embeddable":true,"href":"https:\/\/bois-haienergie.com\/index.php\/wp-json\/wp\/v2\/product_tag?post=13443"}],"curies":[{"name":"wp","href":"https:\/\/api.w.org\/{rel}","templated":true}]}}