{"id":13444,"date":"2024-08-22T13:56:24","date_gmt":"2024-08-22T11:56:24","guid":{"rendered":"https:\/\/bois-haienergie.com\/?post_type=product&#038;p=13444"},"modified":"2024-08-22T13:56:29","modified_gmt":"2024-08-22T11:56:29","slug":"allume-feu-100-naturel-en-laine-de-bois-50-pcs","status":"publish","type":"product","link":"https:\/\/bois-haienergie.com\/index.php\/produit\/allume-feu-100-naturel-en-laine-de-bois-50-pcs\/","title":{"rendered":"Allume-feu 100% naturel en laine de bois (50 pcs)"},"content":{"rendered":"<h2>L&rsquo;allume feu 100% naturel<\/h2>\n<p>L&rsquo;allume-feu Prom\u00e9th\u00e9e est un produit 100% naturel, \u00e0 base de<strong>\u00a0laine de bois<\/strong>, r\u00e9sine naturelle et cire pure alimentaire. Sans colorant ni parfum.<\/p>\n<p>La laine de bois utilis\u00e9e dans la fabrication de cet allume feu est issue de for\u00eats certifi\u00e9es PEFC et FSC.<\/p>\n<p>Les qualit\u00e9s de l&rsquo;allume-feu Prom\u00e9th\u00e9e:<\/p>\n<ul>\n<li>Allumage\u00a0<strong>simple et rapide<\/strong><\/li>\n<li>Produit innovant et \u00e9cologique<\/li>\n<li>Sans odeur, ni r\u00e9sidu<\/li>\n<li>Permet d&rsquo;allumer\u00a0<strong>tous type de feux<\/strong>\u00a0(chemin\u00e9e, four, po\u00eale, barbecue, et chauffage au bois)<\/li>\n<li>S\u00e9curit\u00e9 et fiabilit\u00e9<\/li>\n<li>Temps de combustion lent (8 \u00e0 10 minutes)<\/li>\n<\/ul>\n<p>Il suffit simplement de placer un b\u00e2timent au centre du foyer et de l&rsquo;allumer. Positionner ensuite votre bois au dessus, sans l&rsquo;\u00e9touffer.<\/p>\n","protected":false},"excerpt":{"rendered":"<p>Boite de 50 b\u00e2tonnets allume-feu en laine de bois, r\u00e9sine naturelle et cire pure alimentaire.<\/p>\n<p>Un seul b\u00e2tonnet suffit pour allumer un feu de bois, il br\u00fble durant 8 \u00e0 10 minutes.<\/p>\n<p>Carton en kraft, boite de 700g.<\/p>\n<p>&nbsp;<\/p>\n","protected":false},"featured_media":13477,"comment_status":"open","ping_status":"closed","template":"","meta":[],"product_brand":[],"product_cat":[515],"product_tag":[],"class_list":{"0":"post-13444","1":"product","2":"type-product","3":"status-publish","4":"has-post-thumbnail","6":"product_cat-bois-de-chauffage","8":"first","9":"instock","10":"taxable","11":"shipping-taxable","12":"purchasable","13":"product-type-simple"},"_links":{"self":[{"href":"https:\/\/bois-haienergie.com\/index.php\/wp-json\/wp\/v2\/product\/13444","targetHints":{"allow":["GET"]}}],"collection":[{"href":"https:\/\/bois-haienergie.com\/index.php\/wp-json\/wp\/v2\/product"}],"about":[{"href":"https:\/\/bois-haienergie.com\/index.php\/wp-json\/wp\/v2\/types\/product"}],"replies":[{"embeddable":true,"href":"https:\/\/bois-haienergie.com\/index.php\/wp-json\/wp\/v2\/comments?post=13444"}],"version-history":[{"count":1,"href":"https:\/\/bois-haienergie.com\/index.php\/wp-json\/wp\/v2\/product\/13444\/revisions"}],"predecessor-version":[{"id":13479,"href":"https:\/\/bois-haienergie.com\/index.php\/wp-json\/wp\/v2\/product\/13444\/revisions\/13479"}],"wp:featuredmedia":[{"embeddable":true,"href":"https:\/\/bois-haienergie.com\/index.php\/wp-json\/wp\/v2\/media\/13477"}],"wp:attachment":[{"href":"https:\/\/bois-haienergie.com\/index.php\/wp-json\/wp\/v2\/media?parent=13444"}],"wp:term":[{"taxonomy":"product_brand","embeddable":true,"href":"https:\/\/bois-haienergie.com\/index.php\/wp-json\/wp\/v2\/product_brand?post=13444"},{"taxonomy":"product_cat","embeddable":true,"href":"https:\/\/bois-haienergie.com\/index.php\/wp-json\/wp\/v2\/product_cat?post=13444"},{"taxonomy":"product_tag","embeddable":true,"href":"https:\/\/bois-haienergie.com\/index.php\/wp-json\/wp\/v2\/product_tag?post=13444"}],"curies":[{"name":"wp","href":"https:\/\/api.w.org\/{rel}","templated":true}]}}