{"id":13448,"date":"2024-08-22T13:56:24","date_gmt":"2024-08-22T11:56:24","guid":{"rendered":"https:\/\/bois-haienergie.com\/?post_type=product&#038;p=13448"},"modified":"2025-09-23T18:49:40","modified_gmt":"2025-09-23T16:49:40","slug":"granule-de-bois-premium-woodstock-palette-de-66-sacs-de-15-kg","status":"publish","type":"product","link":"https:\/\/bois-haienergie.com\/index.php\/produit\/granule-de-bois-premium-woodstock-palette-de-66-sacs-de-15-kg\/","title":{"rendered":"Granul\u00e9 de Bois Premium Woodstock, Palette de 66 Sacs de 15 kg"},"content":{"rendered":"<p>Les granul\u00e9s de bois WOODSTOCK sont fabriqu\u00e9s \u00e0 partir de sciures et copeaux de bois non trait\u00e9s, 100% vierge. Ils sont fabriqu\u00e9s en respectant la norme de qualit\u00e9 DIN+ qui vous assure un produit de qualit\u00e9, qui vous apportera un maximum de chaleur pour un minimum d\u2019impacte \u00e9cologique et environnemental.<\/p>\n<p>La norme Din+ vous assure \u00e9galement un produit tout \u00e0 fait adapt\u00e9 \u00e0 votre po\u00eale, insert ou chaudi\u00e8re \u00e0 bois et vous assure donc un bon fonctionnement de votre appareil de chauffage ou de cuisson.<\/p>\n<p>Nos granul\u00e9s de bois \/ pellets pour po\u00eale sont donc adapt\u00e9s \u00e0 tout appareil de chauffage au granul\u00e9 de bois et ne pr\u00e9sentent aucun risque lors d\u2019une utilisation normale.<\/p>\n","protected":false},"excerpt":{"rendered":"<p>Palette de 66 Sac de 15 kg<br \/>\nDimension palette : L100 x P100 x H162 cm<br \/>\n100% naturel, respecte l\u2019environnement.<br \/>\nIssus de sciures non trait\u00e9es.<br \/>\n100 % bois vierge<br \/>\nTaux d\u2019humidit\u00e9 : &lt; 8%<br \/>\nPouvoir calorifique :\u00a0&gt; 4.8 KWh\/kg &lt;PCI&lt;5.3 KWh\/kg<br \/>\nNorme Din+ \/ NF<\/p>\n","protected":false},"featured_media":13491,"comment_status":"open","ping_status":"closed","template":"","meta":[],"product_brand":[],"product_cat":[516],"product_tag":[],"class_list":{"0":"post-13448","1":"product","2":"type-product","3":"status-publish","4":"has-post-thumbnail","6":"product_cat-granules-de-bois","8":"first","9":"instock","10":"sale","11":"taxable","12":"shipping-taxable","13":"purchasable","14":"product-type-simple"},"_links":{"self":[{"href":"https:\/\/bois-haienergie.com\/index.php\/wp-json\/wp\/v2\/product\/13448","targetHints":{"allow":["GET"]}}],"collection":[{"href":"https:\/\/bois-haienergie.com\/index.php\/wp-json\/wp\/v2\/product"}],"about":[{"href":"https:\/\/bois-haienergie.com\/index.php\/wp-json\/wp\/v2\/types\/product"}],"replies":[{"embeddable":true,"href":"https:\/\/bois-haienergie.com\/index.php\/wp-json\/wp\/v2\/comments?post=13448"}],"version-history":[{"count":1,"href":"https:\/\/bois-haienergie.com\/index.php\/wp-json\/wp\/v2\/product\/13448\/revisions"}],"predecessor-version":[{"id":13493,"href":"https:\/\/bois-haienergie.com\/index.php\/wp-json\/wp\/v2\/product\/13448\/revisions\/13493"}],"wp:featuredmedia":[{"embeddable":true,"href":"https:\/\/bois-haienergie.com\/index.php\/wp-json\/wp\/v2\/media\/13491"}],"wp:attachment":[{"href":"https:\/\/bois-haienergie.com\/index.php\/wp-json\/wp\/v2\/media?parent=13448"}],"wp:term":[{"taxonomy":"product_brand","embeddable":true,"href":"https:\/\/bois-haienergie.com\/index.php\/wp-json\/wp\/v2\/product_brand?post=13448"},{"taxonomy":"product_cat","embeddable":true,"href":"https:\/\/bois-haienergie.com\/index.php\/wp-json\/wp\/v2\/product_cat?post=13448"},{"taxonomy":"product_tag","embeddable":true,"href":"https:\/\/bois-haienergie.com\/index.php\/wp-json\/wp\/v2\/product_tag?post=13448"}],"curies":[{"name":"wp","href":"https:\/\/api.w.org\/{rel}","templated":true}]}}